{"id":352,"date":"2020-05-14T16:58:19","date_gmt":"2020-05-14T16:58:19","guid":{"rendered":"https:\/\/startersites.io\/blocksy\/app\/?page_id=9"},"modified":"2025-10-19T05:18:04","modified_gmt":"2025-10-19T02:18:04","slug":"about","status":"publish","type":"page","link":"https:\/\/it32.tr\/?page_id=352","title":{"rendered":"Hakk\u0131m\u0131zda"},"content":{"rendered":"\n<div class=\"wp-block-getwid-section alignfull getwid-margin-top-none getwid-margin-bottom-none getwid-section-content-custom-width\"><div class=\"wp-block-getwid-section__wrapper getwid-margin-left-none getwid-margin-right-none\" style=\"padding-top:250px;padding-bottom:150px\"><div class=\"wp-block-getwid-section__inner-wrapper\" style=\"max-width:700px\"><div class=\"wp-block-getwid-section__background-holder\"><div class=\"wp-block-getwid-section__background\" style=\"background-image:url('https:\/\/it32.tr\/wp-content\/uploads\/2020\/05\/pattern.jpg');background-repeat:repeat;background-size:auto\"><div class=\"wp-block-getwid-section__background-image-wrapper\"><img decoding=\"async\" class=\"wp-block-getwid-section__background-image\" src=\"https:\/\/it32.tr\/wp-content\/uploads\/2020\/05\/pattern.jpg\" alt=\"\"\/><\/div><\/div><div class=\"wp-block-getwid-section__foreground\" style=\"opacity:0.8;background-color:#121619\"><\/div><\/div><div class=\"wp-block-getwid-section__content\"><div class=\"wp-block-getwid-section__inner-content\">\n<div class=\"wp-block-getwid-advanced-heading has-custom-font-size fs-mobile-80\" style=\"font-size:60px\"><h2 class=\"wp-block-getwid-advanced-heading__content has-text-color has-palette-color-5-color\" style=\"text-align:center;line-height:1.2em\">K\u00fc\u00e7\u00fck ama k\u0131vrak bir ekip. <br>Otomasyon ve g\u00fcvenli\u011fe tak\u0131nt\u0131l\u0131y\u0131z.<\/h2><\/div>\n\n\n\n<div class=\"wp-block-getwid-advanced-spacer\" style=\"height:20px\" aria-hidden=\"true\"><\/div>\n\n\n\n<p class=\"has-text-align-center has-palette-color-5-color has-text-color\"><strong>G\u00f6r\u00fc\u015fme Planla<\/strong><\/p>\n<\/div><\/div><\/div><\/div><\/div>\n\n\n\n<div class=\"wp-block-getwid-section alignfull alignfull getwid-margin-top-none getwid-margin-bottom-none\"><div class=\"wp-block-getwid-section__wrapper getwid-padding-mobile-top-large getwid-padding-mobile-bottom-large getwid-margin-left-none getwid-margin-right-none\" style=\"padding-top:150px;padding-bottom:150px\"><div class=\"wp-block-getwid-section__inner-wrapper\"><div class=\"wp-block-getwid-section__background-holder\"><div class=\"wp-block-getwid-section__background has-background\" style=\"background-color:#111518\"><\/div><div class=\"wp-block-getwid-section__foreground\"><\/div><\/div><div class=\"wp-block-getwid-section__content\"><div class=\"wp-block-getwid-section__inner-content\">\n<div class=\"wp-block-columns is-layout-flex wp-container-core-columns-is-layout-28f84493 wp-block-columns-is-layout-flex\">\n<div class=\"wp-block-column is-layout-flow wp-block-column-is-layout-flow\">\n<div class=\"wp-block-getwid-counter\"><div class=\"wp-block-getwid-counter__wrapper\" style=\"text-align:center\" data-start=\"0\" data-end=\"30\" data-decimal-places=\"0\" data-duration=\"3\" data-use-easing=\"true\" data-use-grouping=\"true\" data-separator=\",\" data-decimal=\".\" data-easing-fn=\"outExpo\" data-numerals=\"default\"><span class=\"wp-block-getwid-counter__number has-text-color has-palette-color-1-color\">0<\/span><\/div><\/div>\n\n\n\n<p class=\"has-text-align-center has-palette-color-5-color has-text-color\"><strong>Awards Received<\/strong><\/p>\n\n\n\n<p class=\"has-text-align-center has-text-color\" style=\"color:#6c737d\">Malesuada fames ac turpis egestas convallis tempus urna duis tellus id interdum velit laoreet.<\/p>\n<\/div>\n\n\n\n<div class=\"wp-block-column is-layout-flow wp-block-column-is-layout-flow\">\n<div class=\"wp-block-getwid-counter\"><div class=\"wp-block-getwid-counter__wrapper\" style=\"text-align:center\" data-start=\"0\" data-end=\"45\" data-decimal-places=\"0\" data-duration=\"3\" data-use-easing=\"true\" data-use-grouping=\"true\" data-separator=\",\" data-decimal=\".\" data-easing-fn=\"outExpo\" data-numerals=\"default\"><span class=\"wp-block-getwid-counter__number has-text-color has-palette-color-1-color\">0<\/span><\/div><\/div>\n\n\n\n<p class=\"has-text-align-center has-palette-color-5-color has-text-color\"><strong>Projects Completed<\/strong><\/p>\n\n\n\n<p class=\"has-text-align-center has-text-color\" style=\"color:#6c737d\">Malesuada fames ac turpis egestas convallis tempus urna duis tellus id interdum velit laoreet.<\/p>\n<\/div>\n\n\n\n<div class=\"wp-block-column is-layout-flow wp-block-column-is-layout-flow\">\n<div class=\"wp-block-getwid-counter\"><div class=\"wp-block-getwid-counter__wrapper\" style=\"text-align:center\" data-start=\"0\" data-end=\"89\" data-decimal-places=\"0\" data-duration=\"3\" data-use-easing=\"true\" data-use-grouping=\"true\" data-separator=\",\" data-decimal=\".\" data-easing-fn=\"outExpo\" data-numerals=\"default\"><span class=\"wp-block-getwid-counter__number has-text-color has-palette-color-1-color\">0<\/span><\/div><\/div>\n\n\n\n<p class=\"has-text-align-center has-palette-color-5-color has-text-color\"><strong>Happy Clients<\/strong><\/p>\n\n\n\n<p class=\"has-text-align-center has-text-color\" style=\"color:#6c737d\">Malesuada fames ac turpis egestas convallis tempus urna duis tellus id interdum velit laoreet.<\/p>\n<\/div>\n\n\n\n<div class=\"wp-block-column is-layout-flow wp-block-column-is-layout-flow\">\n<div class=\"wp-block-getwid-counter\"><div class=\"wp-block-getwid-counter__wrapper\" style=\"text-align:center\" data-start=\"0\" data-end=\"1500\" data-decimal-places=\"0\" data-duration=\"3\" data-use-easing=\"true\" data-use-grouping=\"true\" data-separator=\",\" data-decimal=\".\" data-easing-fn=\"outExpo\" data-numerals=\"default\"><span class=\"wp-block-getwid-counter__number has-text-color has-palette-color-1-color\">0<\/span><\/div><\/div>\n\n\n\n<p class=\"has-text-align-center has-palette-color-5-color has-text-color\"><strong>Cups of Cofee<\/strong><\/p>\n\n\n\n<p class=\"has-text-align-center has-text-color\" style=\"color:#6c737d\">Malesuada fames ac turpis egestas convallis tempus urna duis tellus id interdum velit laoreet.<\/p>\n<\/div>\n<\/div>\n<\/div><\/div><\/div><\/div><\/div>\n\n\n\n<div class=\"wp-block-getwid-section alignfull alignfull getwid-margin-top-none getwid-margin-bottom-none\"><div class=\"wp-block-getwid-section__wrapper getwid-padding-mobile-top-large getwid-padding-mobile-bottom-large getwid-margin-left-none getwid-margin-right-none\" style=\"padding-top:50px;padding-bottom:150px\"><div class=\"wp-block-getwid-section__inner-wrapper\"><div class=\"wp-block-getwid-section__background-holder\"><div class=\"wp-block-getwid-section__background has-background\" style=\"background-color:#111518\"><\/div><div class=\"wp-block-getwid-section__foreground\"><\/div><\/div><div class=\"wp-block-getwid-section__content\"><div class=\"wp-block-getwid-section__inner-content\">\n<div class=\"wp-block-columns is-layout-flex wp-container-core-columns-is-layout-28f84493 wp-block-columns-is-layout-flex\">\n<div class=\"wp-block-column is-layout-flow wp-block-column-is-layout-flow\"><\/div>\n\n\n\n<div class=\"wp-block-column is-vertically-aligned-center is-layout-flow wp-block-column-is-layout-flow\">\n<div class=\"wp-block-getwid-images-slider has-arrows-inside has-dots-inside has-images-center has-cropped-images\"><div class=\"wp-block-getwid-images-slider__wrapper\" data-effect=\"slide\" data-slides-show=\"1\" data-slides-show-laptop=\"1\" data-slides-show-tablet=\"1\" data-slides-show-mobile=\"1\" data-slides-scroll=\"1\" data-autoplay=\"false\" data-pause-hover=\"false\" data-autoplay-speed=\"6000\" data-infinite=\"true\" data-animation-speed=\"800\" data-center-mode=\"false\" data-variable-width=\"false\" data-arrows=\"inside\" data-dots=\"inside\" data-spacing=\"none\"><div class=\"wp-block-getwid-images-slider__item\"><figure><img loading=\"lazy\" decoding=\"async\" width=\"300\" height=\"445\" src=\"https:\/\/it32.tr\/wp-content\/uploads\/2020\/05\/felipe-sagn-1385336-unsplash.jpg\" alt=\"test\" data-id=\"319\" data-link=\"https:\/\/it32.tr\/?attachment_id=319\" data-original-link=\"https:\/\/it32.tr\/wp-content\/uploads\/2020\/05\/felipe-sagn-1385336-unsplash.jpg\" class=\"wp-block-getwid-images-slider__image wp-image-319\" srcset=\"https:\/\/it32.tr\/wp-content\/uploads\/2020\/05\/felipe-sagn-1385336-unsplash.jpg 300w, https:\/\/it32.tr\/wp-content\/uploads\/2020\/05\/felipe-sagn-1385336-unsplash-202x300.jpg 202w\" sizes=\"auto, (max-width: 300px) 100vw, 300px\" \/><figcaption class=\"wp-block-getwid-images-slider__caption\">Test<\/figcaption><\/figure><\/div><div class=\"wp-block-getwid-images-slider__item\"><figure><img loading=\"lazy\" decoding=\"async\" width=\"300\" height=\"445\" src=\"https:\/\/it32.tr\/wp-content\/uploads\/2020\/05\/warren-wong-VVEwJJRRHgk-unsplash.jpg\" data-id=\"129\" data-link=\"https:\/\/it32.tr\/?attachment_id=129\" data-original-link=\"https:\/\/it32.tr\/wp-content\/uploads\/2020\/05\/warren-wong-VVEwJJRRHgk-unsplash.jpg\" class=\"wp-block-getwid-images-slider__image wp-image-129\" srcset=\"https:\/\/it32.tr\/wp-content\/uploads\/2020\/05\/warren-wong-VVEwJJRRHgk-unsplash.jpg 300w, https:\/\/it32.tr\/wp-content\/uploads\/2020\/05\/warren-wong-VVEwJJRRHgk-unsplash-202x300.jpg 202w\" sizes=\"auto, (max-width: 300px) 100vw, 300px\" \/><\/figure><\/div><div class=\"wp-block-getwid-images-slider__item\"><figure><img loading=\"lazy\" decoding=\"async\" width=\"300\" height=\"445\" src=\"https:\/\/it32.tr\/wp-content\/uploads\/2020\/05\/philipe-cavalcante-Ugpcxb0jG4Q-unsplash.jpg\" data-id=\"128\" data-link=\"https:\/\/it32.tr\/?attachment_id=128\" data-original-link=\"https:\/\/it32.tr\/wp-content\/uploads\/2020\/05\/philipe-cavalcante-Ugpcxb0jG4Q-unsplash.jpg\" class=\"wp-block-getwid-images-slider__image wp-image-128\" srcset=\"https:\/\/it32.tr\/wp-content\/uploads\/2020\/05\/philipe-cavalcante-Ugpcxb0jG4Q-unsplash.jpg 300w, https:\/\/it32.tr\/wp-content\/uploads\/2020\/05\/philipe-cavalcante-Ugpcxb0jG4Q-unsplash-202x300.jpg 202w\" sizes=\"auto, (max-width: 300px) 100vw, 300px\" \/><\/figure><\/div><div class=\"wp-block-getwid-images-slider__item\"><figure><img loading=\"lazy\" decoding=\"async\" width=\"300\" height=\"445\" src=\"https:\/\/it32.tr\/wp-content\/uploads\/2020\/05\/justin-clark-zvTmgFapL7g-unsplash.jpg\" data-id=\"127\" data-link=\"https:\/\/it32.tr\/?attachment_id=127\" data-original-link=\"https:\/\/it32.tr\/wp-content\/uploads\/2020\/05\/justin-clark-zvTmgFapL7g-unsplash.jpg\" class=\"wp-block-getwid-images-slider__image wp-image-127\" srcset=\"https:\/\/it32.tr\/wp-content\/uploads\/2020\/05\/justin-clark-zvTmgFapL7g-unsplash.jpg 300w, https:\/\/it32.tr\/wp-content\/uploads\/2020\/05\/justin-clark-zvTmgFapL7g-unsplash-202x300.jpg 202w\" sizes=\"auto, (max-width: 300px) 100vw, 300px\" \/><\/figure><\/div><div class=\"wp-block-getwid-images-slider__item\"><figure><img loading=\"lazy\" decoding=\"async\" width=\"800\" height=\"600\" src=\"https:\/\/it32.tr\/wp-content\/uploads\/2020\/05\/geoffrey-lucas-r-nJDGpjRic-unsplash.jpg\" data-id=\"348\" data-link=\"https:\/\/it32.tr\/?attachment_id=348\" data-original-link=\"https:\/\/it32.tr\/wp-content\/uploads\/2020\/05\/geoffrey-lucas-r-nJDGpjRic-unsplash.jpg\" class=\"wp-block-getwid-images-slider__image wp-image-348\" srcset=\"https:\/\/it32.tr\/wp-content\/uploads\/2020\/05\/geoffrey-lucas-r-nJDGpjRic-unsplash.jpg 800w, https:\/\/it32.tr\/wp-content\/uploads\/2020\/05\/geoffrey-lucas-r-nJDGpjRic-unsplash-300x225.jpg 300w, https:\/\/it32.tr\/wp-content\/uploads\/2020\/05\/geoffrey-lucas-r-nJDGpjRic-unsplash-768x576.jpg 768w\" sizes=\"auto, (max-width: 800px) 100vw, 800px\" \/><\/figure><\/div><div class=\"wp-block-getwid-images-slider__item\"><figure><img loading=\"lazy\" decoding=\"async\" width=\"800\" height=\"533\" src=\"https:\/\/it32.tr\/wp-content\/uploads\/2020\/05\/alesia-kazantceva-XLm6-fPwK5Q-unsplash.jpg\" data-id=\"274\" data-link=\"https:\/\/it32.tr\/?attachment_id=274\" data-original-link=\"https:\/\/it32.tr\/wp-content\/uploads\/2020\/05\/alesia-kazantceva-XLm6-fPwK5Q-unsplash.jpg\" class=\"wp-block-getwid-images-slider__image wp-image-274\" srcset=\"https:\/\/it32.tr\/wp-content\/uploads\/2020\/05\/alesia-kazantceva-XLm6-fPwK5Q-unsplash.jpg 800w, https:\/\/it32.tr\/wp-content\/uploads\/2020\/05\/alesia-kazantceva-XLm6-fPwK5Q-unsplash-300x200.jpg 300w, https:\/\/it32.tr\/wp-content\/uploads\/2020\/05\/alesia-kazantceva-XLm6-fPwK5Q-unsplash-768x512.jpg 768w\" sizes=\"auto, (max-width: 800px) 100vw, 800px\" \/><\/figure><\/div><div class=\"wp-block-getwid-images-slider__item\"><figure><img loading=\"lazy\" decoding=\"async\" width=\"800\" height=\"533\" src=\"https:\/\/it32.tr\/wp-content\/uploads\/2020\/05\/jason-blackeye-XYrjl3j7smo-unsplash.jpg\" data-id=\"266\" data-link=\"https:\/\/it32.tr\/?attachment_id=266\" data-original-link=\"https:\/\/it32.tr\/wp-content\/uploads\/2020\/05\/jason-blackeye-XYrjl3j7smo-unsplash.jpg\" class=\"wp-block-getwid-images-slider__image wp-image-266\" srcset=\"https:\/\/it32.tr\/wp-content\/uploads\/2020\/05\/jason-blackeye-XYrjl3j7smo-unsplash.jpg 800w, https:\/\/it32.tr\/wp-content\/uploads\/2020\/05\/jason-blackeye-XYrjl3j7smo-unsplash-300x200.jpg 300w, https:\/\/it32.tr\/wp-content\/uploads\/2020\/05\/jason-blackeye-XYrjl3j7smo-unsplash-768x512.jpg 768w\" sizes=\"auto, (max-width: 800px) 100vw, 800px\" \/><\/figure><\/div><div class=\"wp-block-getwid-images-slider__item\"><figure><img loading=\"lazy\" decoding=\"async\" width=\"800\" height=\"533\" src=\"https:\/\/it32.tr\/wp-content\/uploads\/2020\/05\/luca-bravo-XJXWbfSo2f0-unsplash.jpg\" data-id=\"271\" data-link=\"https:\/\/it32.tr\/?attachment_id=271\" data-original-link=\"https:\/\/it32.tr\/wp-content\/uploads\/2020\/05\/luca-bravo-XJXWbfSo2f0-unsplash.jpg\" class=\"wp-block-getwid-images-slider__image wp-image-271\" srcset=\"https:\/\/it32.tr\/wp-content\/uploads\/2020\/05\/luca-bravo-XJXWbfSo2f0-unsplash.jpg 800w, https:\/\/it32.tr\/wp-content\/uploads\/2020\/05\/luca-bravo-XJXWbfSo2f0-unsplash-300x200.jpg 300w, https:\/\/it32.tr\/wp-content\/uploads\/2020\/05\/luca-bravo-XJXWbfSo2f0-unsplash-768x512.jpg 768w\" sizes=\"auto, (max-width: 800px) 100vw, 800px\" \/><\/figure><\/div><div class=\"wp-block-getwid-images-slider__item\"><figure><img loading=\"lazy\" decoding=\"async\" width=\"800\" height=\"533\" src=\"https:\/\/it32.tr\/wp-content\/uploads\/2020\/05\/vadim-sherbakov-RcdV8rnXSeE-unsplash.jpg\" data-id=\"288\" data-link=\"https:\/\/it32.tr\/?attachment_id=288\" data-original-link=\"https:\/\/it32.tr\/wp-content\/uploads\/2020\/05\/vadim-sherbakov-RcdV8rnXSeE-unsplash.jpg\" class=\"wp-block-getwid-images-slider__image wp-image-288\" srcset=\"https:\/\/it32.tr\/wp-content\/uploads\/2020\/05\/vadim-sherbakov-RcdV8rnXSeE-unsplash.jpg 800w, https:\/\/it32.tr\/wp-content\/uploads\/2020\/05\/vadim-sherbakov-RcdV8rnXSeE-unsplash-300x200.jpg 300w, https:\/\/it32.tr\/wp-content\/uploads\/2020\/05\/vadim-sherbakov-RcdV8rnXSeE-unsplash-768x512.jpg 768w\" sizes=\"auto, (max-width: 800px) 100vw, 800px\" \/><\/figure><\/div><\/div><\/div>\n<\/div>\n<\/div>\n<\/div><\/div><\/div><\/div><\/div>\n\n\n\n<div class=\"wp-block-getwid-section alignfull alignfull getwid-margin-top-none getwid-margin-bottom-none\"><div class=\"wp-block-getwid-section__wrapper getwid-padding-mobile-top-large getwid-padding-mobile-bottom-large getwid-margin-left-none getwid-margin-right-none\" style=\"padding-top:150px;padding-bottom:150px\"><div class=\"wp-block-getwid-section__inner-wrapper\"><div class=\"wp-block-getwid-section__background-holder\"><div class=\"wp-block-getwid-section__background\"><\/div><div class=\"wp-block-getwid-section__foreground\"><\/div><\/div><div class=\"wp-block-getwid-section__content\"><div class=\"wp-block-getwid-section__inner-content\">\n<h2 class=\"wp-block-heading has-text-align-center\"><\/h2>\n<\/div><\/div><\/div><\/div><\/div>\n\n\n\n<div class=\"wp-block-getwid-section alignfull alignfull getwid-margin-top-none getwid-margin-bottom-none\"><div class=\"wp-block-getwid-section__wrapper getwid-padding-mobile-top-large getwid-padding-mobile-bottom-large getwid-margin-left-none getwid-margin-right-none\" style=\"padding-top:150px;padding-bottom:150px\"><div class=\"wp-block-getwid-section__inner-wrapper\"><div class=\"wp-block-getwid-section__background-holder\"><div class=\"wp-block-getwid-section__background has-background has-palette-color-2-background-color\"><\/div><div class=\"wp-block-getwid-section__foreground\"><\/div><\/div><div class=\"wp-block-getwid-section__content\"><div class=\"wp-block-getwid-section__inner-content\">\n<h2 class=\"wp-block-heading has-text-align-center\">Our Partners<\/h2>\n\n\n\n<p class=\"has-text-align-center has-medium-font-size\">Reiciendis et rerum ut voluptate. Omnis molestiae nemo est. <br>Ut quis enim rerum quia assumenda repudiandae non cumque qui.<\/p>\n\n\n\n<div class=\"wp-block-getwid-advanced-spacer\" style=\"height:30px\" aria-hidden=\"true\"><\/div>\n\n\n\n<div class=\"wp-block-columns is-layout-flex wp-container-core-columns-is-layout-28f84493 wp-block-columns-is-layout-flex\">\n<div class=\"wp-block-column is-vertically-aligned-center is-layout-flow wp-block-column-is-layout-flow\">\n<figure class=\"wp-block-image aligncenter size-large\"><img decoding=\"async\" src=\"https:\/\/it32.tr\/wp-content\/uploads\/2020\/05\/ebay.svg\" alt=\"\" class=\"wp-image-152\"\/><\/figure>\n<\/div>\n\n\n\n<div class=\"wp-block-column is-vertically-aligned-center is-layout-flow wp-block-column-is-layout-flow\">\n<figure class=\"wp-block-image aligncenter size-large\"><img decoding=\"async\" src=\"https:\/\/it32.tr\/wp-content\/uploads\/2020\/05\/cnn.svg\" alt=\"\" class=\"wp-image-154\"\/><\/figure>\n<\/div>\n\n\n\n<div class=\"wp-block-column is-vertically-aligned-center is-layout-flow wp-block-column-is-layout-flow\">\n<figure class=\"wp-block-image aligncenter size-large\"><img decoding=\"async\" src=\"https:\/\/it32.tr\/wp-content\/uploads\/2020\/05\/google.svg\" alt=\"\" class=\"wp-image-156\"\/><\/figure>\n<\/div>\n\n\n\n<div class=\"wp-block-column is-vertically-aligned-center is-layout-flow wp-block-column-is-layout-flow\">\n<figure class=\"wp-block-image aligncenter size-large\"><img decoding=\"async\" src=\"https:\/\/it32.tr\/wp-content\/uploads\/2020\/05\/cisco.svg\" alt=\"\" class=\"wp-image-157\"\/><\/figure>\n<\/div>\n\n\n\n<div class=\"wp-block-column is-vertically-aligned-center is-layout-flow wp-block-column-is-layout-flow\">\n<figure class=\"wp-block-image aligncenter size-large\"><img decoding=\"async\" src=\"https:\/\/it32.tr\/wp-content\/uploads\/2020\/05\/airbnb.svg\" alt=\"\" class=\"wp-image-158\"\/><\/figure>\n<\/div>\n\n\n\n<div class=\"wp-block-column is-vertically-aligned-center is-layout-flow wp-block-column-is-layout-flow\">\n<figure class=\"wp-block-image aligncenter size-large\"><img decoding=\"async\" src=\"https:\/\/it32.tr\/wp-content\/uploads\/2020\/05\/uber.svg\" alt=\"\" class=\"wp-image-159\"\/><\/figure>\n<\/div>\n<\/div>\n<\/div><\/div><\/div><\/div><\/div>\n","protected":false},"excerpt":{"rendered":"","protected":false},"author":1,"featured_media":0,"parent":0,"menu_order":0,"comment_status":"closed","ping_status":"closed","template":"","meta":{"footnotes":""},"class_list":["post-352","page","type-page","status-publish","hentry"],"blocksy_meta":{"page_title_panel":"","has_hero_section":"disabled","eea4399b5f383c8bc3755283e7ce2375":"","hero_section":"type-1","hero_elements":[{"id":"custom_title","enabled":true,"heading_tag":"h1","title":"Home"},{"id":"custom_description","enabled":true,"description_visibility":{"desktop":true,"tablet":true,"mobile":false}},{"id":"custom_meta","enabled":true,"has_meta_avatar":"yes","single_meta_elements":{"author":false,"date":false,"categories":false,"comments":false,"updated":false,"tags":false},"page_meta_elements":{"joined":true,"articles_count":true,"comments":true}},{"id":"breadcrumbs","enabled":false}],"308583fd992358cce14e6f907aaf87d7":"","hero_alignment1":"left","hero_alignment2":"center","hero_height":"230px","page_title_bg_type":"color","custom_hero_background":{"attachment_id":null},"parallax":{"desktop":false,"tablet":false,"mobile":false},"pageTitleFont":{"family":"Default","variation":"Default","size":{"desktop":"32px","tablet":"30px","mobile":"25px"},"line-height":"1.3","letter-spacing":"CT_CSS_SKIP_RULE","text-transform":"CT_CSS_SKIP_RULE","text-decoration":"CT_CSS_SKIP_RULE"},"pageTitleFontColor":{"default":{"color":"CT_CSS_SKIP_RULEDEFAULT"}},"pageMetaFont":{"family":"Default","variation":"n6","size":{"desktop":"12px","tablet":"12px","mobile":"12px"},"line-height":"1.3","letter-spacing":"CT_CSS_SKIP_RULE","text-transform":"uppercase","text-decoration":"CT_CSS_SKIP_RULE"},"pageMetaFontColor":{"default":{"color":"CT_CSS_SKIP_RULEDEFAULT"},"hover":{"color":"CT_CSS_SKIP_RULEDEFAULT"}},"pageExcerptFont":{"family":"Default","variation":"n5","size":"CT_CSS_SKIP_RULE","line-height":"CT_CSS_SKIP_RULE","letter-spacing":"CT_CSS_SKIP_RULE","text-transform":"CT_CSS_SKIP_RULE","text-decoration":"CT_CSS_SKIP_RULE"},"pageExcerptColor":{"default":{"color":"CT_CSS_SKIP_RULEDEFAULT"}},"breadcrumbsFont":{"family":"Default","variation":"n6","size":"12px","line-height":"CT_CSS_SKIP_RULE","letter-spacing":"CT_CSS_SKIP_RULE","text-transform":"uppercase","text-decoration":"CT_CSS_SKIP_RULE"},"breadcrumbsFontColor":{"default":{"color":"CT_CSS_SKIP_RULEDEFAULT"},"initial":{"color":"CT_CSS_SKIP_RULEDEFAULT"},"hover":{"color":"CT_CSS_SKIP_RULEDEFAULT"}},"pageTitleOverlay":{"default":{"color":"rgba(41, 51, 60, 0.2)"}},"pageTitleBackground":{"background_type":"color","background_pattern":"type-1","background_image":{"attachment_id":null,"x":0,"y":0},"background_repeat":"no-repeat","background_size":"auto","background_attachment":"scroll","patternColor":{"default":{"color":"#e5e7ea"}},"backgroundColor":{"default":{"color":"#EDEFF2"}}},"4042796eccbef32dec9e3e2284116f97":"","page_structure_type":"default","page_enable_vertical_spacing":"no","e802d5b832fa72c9f24aba6a100ddd9a":"","disable_featured_image":"no","ddaf8212b14a073d074edfaec2ad5d47":"","ad72c7c57d199e4e4e974ef37d177094":"","hero_structure":"narrow","b5da4fbb4e0037efb80e6fb2636c83b2":"","content_style":"inherit","vertical_spacing_source":"custom","content_area_spacing":"none","background":{"background_type":"color","background_pattern":"type-1","background_image":{"attachment_id":null,"x":0,"y":0},"background_repeat":"no-repeat","background_size":"auto","background_attachment":"scroll","patternColor":{"default":{"color":"#e5e7ea"}},"backgroundColor":{"default":{"color":"CT_CSS_SKIP_RULE"}}},"content_background":{"background_type":"color","background_pattern":"type-1","background_image":{"attachment_id":null,"x":0,"y":0},"background_repeat":"no-repeat","background_size":"auto","background_attachment":"scroll","patternColor":{"default":{"color":"#e5e7ea"}},"backgroundColor":{"default":{"color":"#ffffff"}}},"content_boxed_spacing":{"desktop":"40px","tablet":"35px","mobile":"20px"},"content_boxed_radius":{"top":"3px","bottom":"3px","left":"3px","right":"3px","linked":true},"content_boxed_shadow":{"blur":18,"spread":-6,"v_offset":12,"h_offset":0,"inset":false,"enable":true,"color":{"color":"rgba(34, 56, 101, 0.04)"}},"13624d21c49f030a85d3052ac7768af0":"","styles_descriptor":{"styles":{"desktop":"","tablet":"","mobile":""},"google_fonts":[],"version":6}},"_links":{"self":[{"href":"https:\/\/it32.tr\/index.php?rest_route=\/wp\/v2\/pages\/352","targetHints":{"allow":["GET"]}}],"collection":[{"href":"https:\/\/it32.tr\/index.php?rest_route=\/wp\/v2\/pages"}],"about":[{"href":"https:\/\/it32.tr\/index.php?rest_route=\/wp\/v2\/types\/page"}],"author":[{"embeddable":true,"href":"https:\/\/it32.tr\/index.php?rest_route=\/wp\/v2\/users\/1"}],"replies":[{"embeddable":true,"href":"https:\/\/it32.tr\/index.php?rest_route=%2Fwp%2Fv2%2Fcomments&post=352"}],"version-history":[{"count":4,"href":"https:\/\/it32.tr\/index.php?rest_route=\/wp\/v2\/pages\/352\/revisions"}],"predecessor-version":[{"id":439,"href":"https:\/\/it32.tr\/index.php?rest_route=\/wp\/v2\/pages\/352\/revisions\/439"}],"wp:attachment":[{"href":"https:\/\/it32.tr\/index.php?rest_route=%2Fwp%2Fv2%2Fmedia&parent=352"}],"curies":[{"name":"wp","href":"https:\/\/api.w.org\/{rel}","templated":true}]}}